{"id":2,"date":"2020-01-28T14:38:13","date_gmt":"2020-01-28T13:38:13","guid":{"rendered":"http:\/\/wordpress.bildbank.se\/?page_id=2"},"modified":"2020-05-14T13:06:47","modified_gmt":"2020-05-14T11:06:47","slug":"exempelsida","status":"publish","type":"page","link":"https:\/\/wordpress.vyb.se\/index.php\/exempelsida\/","title":{"rendered":"Exempelsida"},"content":{"rendered":"\n<p>Detta \u00e4r en exempelsida. Den skiljer sig fr\u00e5n ett blogginl\u00e4gg genom att den finns kvar p\u00e5 samma plats och kommer att visas i din webbplatsnavigering (i de flesta teman). De flesta b\u00f6rjar med en Om-sida som presenterar dem f\u00f6r potentiella bes\u00f6kare. Den skulle t.ex kunna ha f\u00f6ljande inneh\u00e5ll:<\/p>\n\n\n\n<blockquote class=\"wp-block-quote is-layout-flow wp-block-quote-is-layout-flow\"><p>Hej d\u00e4r! Jag \u00e4r cykelbud p\u00e5 dagen, blivande sk\u00e5despelare p\u00e5 natten och detta \u00e4r min blogg. Jag bor i \u00d6rebro, har en katt som heter Lurv och jag gillar Pina Coladas. (och att simma i G\u00f6ta kanal).<\/p><\/blockquote>\n\n\n\n<p>&#8230; eller n\u00e5got liknande detta:<\/p>\n\n\n\n<blockquote class=\"wp-block-quote is-layout-flow wp-block-quote-is-layout-flow\"><p>F\u00f6retaget AB grundades 1971 och har sedan dess varit den st\u00f6rsta leverant\u00f6ren av grunk-manicker p\u00e5 den svenska marknaden. FAB finns i utkanten av Gr\u00f6nk\u00f6ping, har drygt 20&nbsp;000 anst\u00e4llda och l\u00e4ser veckobladet varje \u00e5r.<\/p><\/blockquote>\n\n\n\n<p>Som ny WordPress-anv\u00e4ndare b\u00f6r du g\u00e5 till din <a href=\"http:\/\/wordpress.bildbank.se\/wp-admin\/\">adminpanel<\/a> f\u00f6r att radera denna sida och skapa nya sidor f\u00f6r ditt inneh\u00e5ll. Lycka till!<\/p>\n\n\n\n<figure class=\"wp-block-image\"><img loading=\"lazy\" decoding=\"async\" width=\"1920\" height=\"1280\" src=\"https:\/\/wordpress.vyb.se\/wp-content\/uploads\/2020\/05\/person-1138435_1920.jpg\" alt=\"\" class=\"wp-image-23\" srcset=\"https:\/\/wordpress.vyb.se\/wp-content\/uploads\/2020\/05\/person-1138435_1920.jpg 1920w, https:\/\/wordpress.vyb.se\/wp-content\/uploads\/2020\/05\/person-1138435_1920-300x200.jpg 300w, https:\/\/wordpress.vyb.se\/wp-content\/uploads\/2020\/05\/person-1138435_1920-1024x683.jpg 1024w, https:\/\/wordpress.vyb.se\/wp-content\/uploads\/2020\/05\/person-1138435_1920-768x512.jpg 768w, https:\/\/wordpress.vyb.se\/wp-content\/uploads\/2020\/05\/person-1138435_1920-1536x1024.jpg 1536w, https:\/\/wordpress.vyb.se\/wp-content\/uploads\/2020\/05\/person-1138435_1920-1200x800.jpg 1200w, https:\/\/wordpress.vyb.se\/wp-content\/uploads\/2020\/05\/person-1138435_1920-1860x1240.jpg 1860w\" sizes=\"auto, (max-width: 1920px) 100vw, 1920px\" \/><\/figure>\n\n\n\n<p><\/p>\n","protected":false},"excerpt":{"rendered":"<p>Detta \u00e4r en exempelsida. Den skiljer sig fr\u00e5n ett blogginl\u00e4gg genom att den finns kvar p\u00e5 samma plats och kommer att visas i din webbplatsnavigering (i de flesta teman). De flesta b\u00f6rjar med en Om-sida som presenterar dem f\u00f6r potentiella bes\u00f6kare. Den skulle t.ex kunna ha f\u00f6ljande inneh\u00e5ll: Hej d\u00e4r! Jag \u00e4r cykelbud p\u00e5 dagen, [&hellip;]<\/p>\n","protected":false},"author":1,"featured_media":0,"parent":0,"menu_order":0,"comment_status":"closed","ping_status":"open","template":"","meta":{"footnotes":""},"class_list":["post-2","page","type-page","status-publish","hentry","missing-thumbnail"],"_links":{"self":[{"href":"https:\/\/wordpress.vyb.se\/index.php\/wp-json\/wp\/v2\/pages\/2","targetHints":{"allow":["GET"]}}],"collection":[{"href":"https:\/\/wordpress.vyb.se\/index.php\/wp-json\/wp\/v2\/pages"}],"about":[{"href":"https:\/\/wordpress.vyb.se\/index.php\/wp-json\/wp\/v2\/types\/page"}],"author":[{"embeddable":true,"href":"https:\/\/wordpress.vyb.se\/index.php\/wp-json\/wp\/v2\/users\/1"}],"replies":[{"embeddable":true,"href":"https:\/\/wordpress.vyb.se\/index.php\/wp-json\/wp\/v2\/comments?post=2"}],"version-history":[{"count":2,"href":"https:\/\/wordpress.vyb.se\/index.php\/wp-json\/wp\/v2\/pages\/2\/revisions"}],"predecessor-version":[{"id":43,"href":"https:\/\/wordpress.vyb.se\/index.php\/wp-json\/wp\/v2\/pages\/2\/revisions\/43"}],"wp:attachment":[{"href":"https:\/\/wordpress.vyb.se\/index.php\/wp-json\/wp\/v2\/media?parent=2"}],"curies":[{"name":"wp","href":"https:\/\/api.w.org\/{rel}","templated":true}]}}